{"id":39144,"date":"2026-01-20T15:24:10","date_gmt":"2026-01-20T14:24:10","guid":{"rendered":"https:\/\/legrain.tribalt.agency\/?page_id=39144"},"modified":"2026-01-20T15:24:49","modified_gmt":"2026-01-20T14:24:49","slug":"evenements-a-venir","status":"publish","type":"page","link":"https:\/\/tl-conseil.tribalt.agency\/?page_id=39144","title":{"rendered":"\u00c9v\u00e9nements \u00e0 venir"},"content":{"rendered":"\t\t<div data-elementor-type=\"wp-page\" data-elementor-id=\"39144\" class=\"elementor elementor-39144\">\n\t\t\t\t<div class=\"elementor-element elementor-element-e6793 e-flex e-con-boxed e-con e-parent\" data-id=\"e6793\" data-element_type=\"container\">\n\t\t\t\t\t<div class=\"e-con-inner\">\n\t\t\t\t<div class=\"elementor-element elementor-element-26e04e6a elementor-widget elementor-widget-qi_addons_for_elementor_section_title\" data-id=\"26e04e6a\" data-element_type=\"widget\" data-widget_type=\"qi_addons_for_elementor_section_title.default\">\n\t\t\t\t<div class=\"elementor-widget-container\">\n\t\t\t\t\t<div class=\"qodef-shortcode qodef-m qodef-qi-section-title qodef-decoration--italic qodef-link--underline-draw qodef-subtitle-icon--left\">\n\t\t\t\t\t\t<h2 class=\"qodef-m-title\">\n\t\t\u00c9v\u00e9nements \u00e0 venir\t<\/h2>\n\t\t\t<div class=\"qodef-m-text\"><p>Lorem ipsum dolor sit amet, consectetur adipiscing elit. Mauris tempus nisl vitae magna pulvinar laoreet. Nullam erat ipsum, mattis nec mollis ac, accumsan a enim. Nunc at euismod arcu. Aliquam ullamcorper eros justo, vel mollis neque facilisis vel.<\/p><\/div>\n\t<\/div>\n\t\t\t\t<\/div>\n\t\t\t\t<\/div>\n\t\t\t\t\t<\/div>\n\t\t\t\t<\/div>\n\t\t\t\t<\/div>\n\t\t","protected":false},"excerpt":{"rendered":"<p>\u00c9v\u00e9nements \u00e0 venir Lorem ipsum dolor sit amet, consectetur adipiscing elit. Mauris tempus nisl vitae magna pulvinar laoreet. Nullam erat ipsum, mattis nec mollis ac, accumsan a enim. Nunc at euismod arcu. Aliquam ullamcorper eros justo, vel mollis neque facilisis vel.<\/p>\n","protected":false},"author":1,"featured_media":0,"parent":0,"menu_order":0,"comment_status":"closed","ping_status":"closed","template":"","meta":{"_acf_changed":false,"footnotes":""},"class_list":["post-39144","page","type-page","status-publish","hentry"],"acf":[],"_links":{"self":[{"href":"https:\/\/tl-conseil.tribalt.agency\/index.php?rest_route=\/wp\/v2\/pages\/39144","targetHints":{"allow":["GET"]}}],"collection":[{"href":"https:\/\/tl-conseil.tribalt.agency\/index.php?rest_route=\/wp\/v2\/pages"}],"about":[{"href":"https:\/\/tl-conseil.tribalt.agency\/index.php?rest_route=\/wp\/v2\/types\/page"}],"author":[{"embeddable":true,"href":"https:\/\/tl-conseil.tribalt.agency\/index.php?rest_route=\/wp\/v2\/users\/1"}],"replies":[{"embeddable":true,"href":"https:\/\/tl-conseil.tribalt.agency\/index.php?rest_route=%2Fwp%2Fv2%2Fcomments&post=39144"}],"version-history":[{"count":4,"href":"https:\/\/tl-conseil.tribalt.agency\/index.php?rest_route=\/wp\/v2\/pages\/39144\/revisions"}],"predecessor-version":[{"id":39149,"href":"https:\/\/tl-conseil.tribalt.agency\/index.php?rest_route=\/wp\/v2\/pages\/39144\/revisions\/39149"}],"wp:attachment":[{"href":"https:\/\/tl-conseil.tribalt.agency\/index.php?rest_route=%2Fwp%2Fv2%2Fmedia&parent=39144"}],"curies":[{"name":"wp","href":"https:\/\/api.w.org\/{rel}","templated":true}]}}