{"id":39150,"date":"2026-01-20T15:25:17","date_gmt":"2026-01-20T14:25:17","guid":{"rendered":"https:\/\/legrain.tribalt.agency\/?page_id=39150"},"modified":"2026-01-22T16:20:20","modified_gmt":"2026-01-22T15:20:20","slug":"les-derniers-evenements","status":"publish","type":"page","link":"https:\/\/tl-conseil.tribalt.agency\/?page_id=39150","title":{"rendered":"Les derniers \u00e9v\u00e9nements"},"content":{"rendered":"\t\t<div data-elementor-type=\"wp-page\" data-elementor-id=\"39150\" class=\"elementor elementor-39150\">\n\t\t\t\t<div class=\"elementor-element elementor-element-1ab45d9f e-flex e-con-boxed e-con e-parent\" data-id=\"1ab45d9f\" data-element_type=\"container\">\n\t\t\t\t\t<div class=\"e-con-inner\">\n\t\t\t\t<div class=\"elementor-element elementor-element-749005fb elementor-widget elementor-widget-qi_addons_for_elementor_section_title\" data-id=\"749005fb\" data-element_type=\"widget\" data-widget_type=\"qi_addons_for_elementor_section_title.default\">\n\t\t\t\t<div class=\"elementor-widget-container\">\n\t\t\t\t\t<div class=\"qodef-shortcode qodef-m qodef-qi-section-title qodef-decoration--italic qodef-link--underline-draw qodef-subtitle-icon--left\">\n\t\t\t\t\t\t<h2 class=\"qodef-m-title\">\n\t\t\u00c9v\u00e9nements pass\u00e9s\t<\/h2>\n\t\t\t<div class=\"qodef-m-text\"><p>Lorem ipsum dolor sit amet, consectetur adipiscing elit. Mauris tempus nisl vitae magna pulvinar laoreet. Nullam erat ipsum, mattis nec mollis ac, accumsan a enim. Nunc at euismod arcu. Aliquam ullamcorper eros justo, vel mollis neque facilisis vel.<\/p><\/div>\n\t<\/div>\n\t\t\t\t<\/div>\n\t\t\t\t<\/div>\n\t\t\t\t\t<\/div>\n\t\t\t\t<\/div>\n\t\t\t\t<\/div>\n\t\t","protected":false},"excerpt":{"rendered":"<p>\u00c9v\u00e9nements pass\u00e9s Lorem ipsum dolor sit amet, consectetur adipiscing elit. Mauris tempus nisl vitae magna pulvinar laoreet. Nullam erat ipsum, mattis nec mollis ac, accumsan a enim. Nunc at euismod arcu. Aliquam ullamcorper eros justo, vel mollis neque facilisis vel.<\/p>\n","protected":false},"author":1,"featured_media":0,"parent":0,"menu_order":0,"comment_status":"closed","ping_status":"closed","template":"","meta":{"_acf_changed":false,"footnotes":""},"class_list":["post-39150","page","type-page","status-publish","hentry"],"acf":[],"_links":{"self":[{"href":"https:\/\/tl-conseil.tribalt.agency\/index.php?rest_route=\/wp\/v2\/pages\/39150","targetHints":{"allow":["GET"]}}],"collection":[{"href":"https:\/\/tl-conseil.tribalt.agency\/index.php?rest_route=\/wp\/v2\/pages"}],"about":[{"href":"https:\/\/tl-conseil.tribalt.agency\/index.php?rest_route=\/wp\/v2\/types\/page"}],"author":[{"embeddable":true,"href":"https:\/\/tl-conseil.tribalt.agency\/index.php?rest_route=\/wp\/v2\/users\/1"}],"replies":[{"embeddable":true,"href":"https:\/\/tl-conseil.tribalt.agency\/index.php?rest_route=%2Fwp%2Fv2%2Fcomments&post=39150"}],"version-history":[{"count":5,"href":"https:\/\/tl-conseil.tribalt.agency\/index.php?rest_route=\/wp\/v2\/pages\/39150\/revisions"}],"predecessor-version":[{"id":45515,"href":"https:\/\/tl-conseil.tribalt.agency\/index.php?rest_route=\/wp\/v2\/pages\/39150\/revisions\/45515"}],"wp:attachment":[{"href":"https:\/\/tl-conseil.tribalt.agency\/index.php?rest_route=%2Fwp%2Fv2%2Fmedia&parent=39150"}],"curies":[{"name":"wp","href":"https:\/\/api.w.org\/{rel}","templated":true}]}}