{"id":6913,"date":"2026-01-14T10:28:26","date_gmt":"2026-01-14T09:28:26","guid":{"rendered":"https:\/\/legrain.tribalt.agency\/?page_id=6913"},"modified":"2026-01-20T14:59:10","modified_gmt":"2026-01-20T13:59:10","slug":"partenaires","status":"publish","type":"page","link":"https:\/\/tl-conseil.tribalt.agency\/?page_id=6913","title":{"rendered":"partenaires"},"content":{"rendered":"\t\t<div data-elementor-type=\"wp-page\" data-elementor-id=\"6913\" class=\"elementor elementor-6913\">\n\t\t\t\t<div class=\"elementor-element elementor-element-2a53a52 e-flex e-con-boxed e-con e-parent\" data-id=\"2a53a52\" data-element_type=\"container\">\n\t\t\t\t\t<div class=\"e-con-inner\">\n\t\t\t\t<div class=\"elementor-element elementor-element-1b841d3 elementor-widget elementor-widget-qi_addons_for_elementor_section_title\" data-id=\"1b841d3\" data-element_type=\"widget\" data-widget_type=\"qi_addons_for_elementor_section_title.default\">\n\t\t\t\t<div class=\"elementor-widget-container\">\n\t\t\t\t\t<div class=\"qodef-shortcode qodef-m qodef-qi-section-title qodef-decoration--italic qodef-link--underline-draw qodef-subtitle-icon--left\">\n\t\t\t\t\t\t<h2 class=\"qodef-m-title\">\n\t\tPARTENAIRES\t<\/h2>\n\t\t\t<div class=\"qodef-m-text\"><p>Lorem ipsum dolor sit amet, consectetur adipiscing elit. Mauris tempus nisl vitae magna pulvinar laoreet. Nullam erat ipsum, mattis nec mollis ac, accumsan a enim. Nunc at euismod arcu. Aliquam ullamcorper eros justo, vel mollis neque facilisis vel.<\/p><\/div>\n\t<\/div>\n\t\t\t\t<\/div>\n\t\t\t\t<\/div>\n\t\t\t\t\t<\/div>\n\t\t\t\t<\/div>\n\t\t<div class=\"elementor-element elementor-element-d20c6af e-flex e-con-boxed e-con e-parent\" data-id=\"d20c6af\" data-element_type=\"container\">\n\t\t\t\t\t<div class=\"e-con-inner\">\n\t\t<div class=\"elementor-element elementor-element-db1369c e-con-full e-flex e-con e-child\" data-id=\"db1369c\" data-element_type=\"container\">\n\t\t\t\t<div class=\"elementor-element elementor-element-57d2ea9 elementor-widget elementor-widget-qi_addons_for_elementor_section_title\" data-id=\"57d2ea9\" data-element_type=\"widget\" data-widget_type=\"qi_addons_for_elementor_section_title.default\">\n\t\t\t\t<div class=\"elementor-widget-container\">\n\t\t\t\t\t<div class=\"qodef-shortcode qodef-m qodef-qi-section-title qodef-decoration--italic qodef-link--underline-draw qodef-subtitle-icon--left\">\n\t\t\t\t\t\t<h2 class=\"qodef-m-title\">\n\t\tnos partenaire\t<\/h2>\n\t\t\t<\/div>\n\t\t\t\t<\/div>\n\t\t\t\t<\/div>\n\t\t\t\t<div class=\"elementor-element elementor-element-9b27f3e elementor-widget elementor-widget-n-accordion\" data-id=\"9b27f3e\" data-element_type=\"widget\" data-settings=\"{&quot;default_state&quot;:&quot;all_collapsed&quot;,&quot;max_items_expended&quot;:&quot;one&quot;,&quot;n_accordion_animation_duration&quot;:{&quot;unit&quot;:&quot;ms&quot;,&quot;size&quot;:400,&quot;sizes&quot;:[]}}\" data-widget_type=\"nested-accordion.default\">\n\t\t\t\t\t\t\t<div class=\"e-n-accordion\" aria-label=\"Accordion. Open links with Enter or Space, close with Escape, and navigate with Arrow Keys\">\n\t\t\t\t\t\t<details id=\"partenaires\" class=\"e-n-accordion-item\" >\n\t\t\t\t<summary class=\"e-n-accordion-item-title\" data-accordion-index=\"1\" tabindex=\"0\" aria-expanded=\"false\" aria-controls=\"partenaires\" >\n\t\t\t\t\t<span class='e-n-accordion-item-title-header'><div class=\"e-n-accordion-item-title-text\"> <img decoding=\"async\" src=\"https:\/\/tl-conseil.tribalt.agency\/wp-content\/uploads\/2026\/01\/f.initiatives.png\"> <\/div><\/span>\n\t\t\t\t\t\t\t<span class='e-n-accordion-item-title-icon'>\n\t\t\t<span class='e-opened' ><svg aria-hidden=\"true\" class=\"e-font-icon-svg e-fas-minus\" viewBox=\"0 0 448 512\" xmlns=\"http:\/\/www.w3.org\/2000\/svg\"><path d=\"M416 208H32c-17.67 0-32 14.33-32 32v32c0 17.67 14.33 32 32 32h384c17.67 0 32-14.33 32-32v-32c0-17.67-14.33-32-32-32z\"><\/path><\/svg><\/span>\n\t\t\t<span class='e-closed'><svg aria-hidden=\"true\" class=\"e-font-icon-svg e-fas-plus\" viewBox=\"0 0 448 512\" xmlns=\"http:\/\/www.w3.org\/2000\/svg\"><path d=\"M416 208H272V64c0-17.67-14.33-32-32-32h-32c-17.67 0-32 14.33-32 32v144H32c-17.67 0-32 14.33-32 32v32c0 17.67 14.33 32 32 32h144v144c0 17.67 14.33 32 32 32h32c17.67 0 32-14.33 32-32V304h144c17.67 0 32-14.33 32-32v-32c0-17.67-14.33-32-32-32z\"><\/path><\/svg><\/span>\n\t\t<\/span>\n\n\t\t\t\t\t\t<\/summary>\n\t\t\t\t<div role=\"region\" aria-labelledby=\"partenaires\" class=\"elementor-element elementor-element-edfea8b e-con-full e-flex e-con e-child\" data-id=\"edfea8b\" data-element_type=\"container\">\n\t\t<div role=\"region\" aria-labelledby=\"partenaires\" class=\"elementor-element elementor-element-e9a6f44 e-flex e-con-boxed e-con e-child\" data-id=\"e9a6f44\" data-element_type=\"container\">\n\t\t\t\t\t<div class=\"e-con-inner\">\n\t\t\t\t<div class=\"elementor-element elementor-element-45b2f0d elementor-widget elementor-widget-text-editor\" data-id=\"45b2f0d\" data-element_type=\"widget\" data-widget_type=\"text-editor.default\">\n\t\t\t\t\t\t\t\t\t<p>Gr\u00e2ce \u00e0 une \u00e9quipe de plus de 1100 collaborateurs hautement qualifi\u00e9s,\u00a0<a href=\"https:\/\/www.fi-group.com\/\" target=\"_blank\" rel=\"noopener noreferrer\">FI Group<\/a>\u00a0est devenu depuis 20 ans un leader du financement de l\u2019innovation et de la recherche &amp; d\u00e9veloppement. Num\u00e9rique, Chimie, Agroalimentaire, ou encore Industrie, les 200 experts, ing\u00e9nieurs et docteurs connaissent parfaitement les diff\u00e9rents domaines d\u2019expertise. Fort de son expertise en ing\u00e9nierie fiscale, Fi group accompagne ses clients tout au long de leurs projets de financement d\u2019innovation et de recherche &amp; d\u00e9veloppement.<\/p><p>En savoir plus :\u00a0<a href=\"https:\/\/www.f-initiatives.com\/\" target=\"_blank\" rel=\"noopener noreferrer\">www.f-initiatives.com<\/a><\/p><p><strong>T\u00e9moignage de Vincent Vilpellet, pr\u00e9sident FI Group France<\/strong><\/p><p><em><img fetchpriority=\"high\" decoding=\"async\" class=\"size-full wp-image-39051 alignleft\" src=\"https:\/\/tl-conseil.tribalt.agency\/wp-content\/uploads\/2026\/01\/Vincent-Vilpellet-300x225-1.jpg\" alt=\"\" width=\"300\" height=\"225\" \/>\u00a0\u00bb Rejoindre le Cercle Sport &amp; Entreprise du Club de l\u2019Audace, c\u2019est l\u2019opportunit\u00e9 de s\u2019associer \u00e0 une aventure humaine hors norme. Hors norme parce que les sportifs de l\u2019extr\u00eame, tel que Thomas Legrain ou ses nombreux invit\u00e9s, nous offrent un regard diff\u00e9rent sur nous-m\u00eame &#8230; sur ce que nous sommes capables de r\u00e9aliser \u2026 et sur la mani\u00e8re dont nous pouvons mieux g\u00e9rer nos \u00e9motions, nos potentialit\u00e9s et notre relation \u00e0 l\u2019autre. Hors norme, parce que le Cercle Sport &amp; Entreprise rassemble autant d\u2019individus que de parcours exceptionnels et d\u2019exp\u00e9riences riches en enseignements. Hors norme, parce que le Cercle Sport &amp; Entreprise s\u2019impose comme une tribune formidable pour r\u00e9fl\u00e9chir ensemble \u00e0 la mani\u00e8re dont on peut mieux piloter la performance et le bien-\u00eatre en entreprise. C\u2019est donc avec un immense plaisir que nous avons accept\u00e9 la proposition de Thomas lorsqu\u2019il nous a propos\u00e9 de devenir partenaire du Cercle Sport &amp; Entreprise du Club de l\u2019Audace. \u00ab\u00a0<\/em><\/p>\t\t\t\t\t\t\t\t<\/div>\n\t\t\t\t\t<\/div>\n\t\t\t\t<\/div>\n\t\t\t\t<\/div>\n\t\t\t\t\t<\/details>\n\t\t\t\t\t\t<details id=\"e-n-accordion-item-1621\" class=\"e-n-accordion-item\" >\n\t\t\t\t<summary class=\"e-n-accordion-item-title\" data-accordion-index=\"2\" tabindex=\"-1\" aria-expanded=\"false\" aria-controls=\"e-n-accordion-item-1621\" >\n\t\t\t\t\t<span class='e-n-accordion-item-title-header'><div class=\"e-n-accordion-item-title-text\"> <img decoding=\"async\" src=\"https:\/\/tl-conseil.tribalt.agency\/wp-content\/uploads\/2026\/01\/pays-degrasse.png\"> <\/div><\/span>\n\t\t\t\t\t\t\t<span class='e-n-accordion-item-title-icon'>\n\t\t\t<span class='e-opened' ><svg aria-hidden=\"true\" class=\"e-font-icon-svg e-fas-minus\" viewBox=\"0 0 448 512\" xmlns=\"http:\/\/www.w3.org\/2000\/svg\"><path d=\"M416 208H32c-17.67 0-32 14.33-32 32v32c0 17.67 14.33 32 32 32h384c17.67 0 32-14.33 32-32v-32c0-17.67-14.33-32-32-32z\"><\/path><\/svg><\/span>\n\t\t\t<span class='e-closed'><svg aria-hidden=\"true\" class=\"e-font-icon-svg e-fas-plus\" viewBox=\"0 0 448 512\" xmlns=\"http:\/\/www.w3.org\/2000\/svg\"><path d=\"M416 208H272V64c0-17.67-14.33-32-32-32h-32c-17.67 0-32 14.33-32 32v144H32c-17.67 0-32 14.33-32 32v32c0 17.67 14.33 32 32 32h144v144c0 17.67 14.33 32 32 32h32c17.67 0 32-14.33 32-32V304h144c17.67 0 32-14.33 32-32v-32c0-17.67-14.33-32-32-32z\"><\/path><\/svg><\/span>\n\t\t<\/span>\n\n\t\t\t\t\t\t<\/summary>\n\t\t\t\t<div role=\"region\" aria-labelledby=\"e-n-accordion-item-1621\" class=\"elementor-element elementor-element-a3da2fa e-con-full e-flex e-con e-child\" data-id=\"a3da2fa\" data-element_type=\"container\">\n\t\t<div role=\"region\" aria-labelledby=\"e-n-accordion-item-1621\" class=\"elementor-element elementor-element-be19246 e-flex e-con-boxed e-con e-child\" data-id=\"be19246\" data-element_type=\"container\">\n\t\t\t\t\t<div class=\"e-con-inner\">\n\t\t\t\t<div class=\"elementor-element elementor-element-d309251 elementor-widget elementor-widget-text-editor\" data-id=\"d309251\" data-element_type=\"widget\" data-widget_type=\"text-editor.default\">\n\t\t\t\t\t\t\t\t\t<p>Situ\u00e9 entre mer et montagne, le Pays de Grasse r\u00e9unit 23 communes et pr\u00e8s de 105 000 habitants. Son territoire se distingue par une richesse exceptionnelle, alliant patrimoine historique, savoir-faire mondialement reconnus et nature pr\u00e9serv\u00e9e.<\/p><p>La CAPG exerce des comp\u00e9tences structurantes qui couvrent les grands enjeux locaux : d\u00e9veloppement \u00e9conomique, am\u00e9nagement, habitat, mobilit\u00e9s, gestion des d\u00e9chets, mais aussi culture, enseignement sup\u00e9rieur, emploi, sport et environnement et bien d\u2019autres domaines de la vie quotidienne.<\/p><p>Grasse, ville-centre et capitale mondiale du parfum, porte un savoir-faire reconnu au patrimoine culturel immat\u00e9riel de l\u2019UNESCO, qui contribue au rayonnement et \u00e0 l\u2019attractivit\u00e9 du territoire. La CAPG s\u2019appuie sur cette identit\u00e9 pour soutenir l\u2019innovation, accompagner les entreprises et renforcer la recherche et la formation \u00e0 travers Grasse Campus, le p\u00f4le d\u2019enseignement sup\u00e9rieur du territoire.<\/p><p>La transition \u00e9cologique constitue un axe prioritaire de son projet de territoire, d\u00e9clin\u00e9 \u00e0 travers chacune de ses politiques publiques. Pr\u00e9servation de l\u2019environnement, valorisation du patrimoine, d\u00e9veloppement des services et am\u00e9lioration du cadre de vie sont au c\u0153ur de son action.<br \/>Entre tradition et innovation, le Pays de Grasse s\u2019affirme comme un territoire attractif, solidaire et durable, fid\u00e8le \u00e0 son identit\u00e9 et r\u00e9solument tourn\u00e9 vers l\u2019avenir.<\/p><p>Pour en savoir plus :\u00a0<a href=\"https:\/\/www.paysdegrasse.fr\/\" target=\"_blank\" rel=\"noopener\">paysdegrasse.fr<\/a><\/p>\t\t\t\t\t\t\t\t<\/div>\n\t\t\t\t\t<\/div>\n\t\t\t\t<\/div>\n\t\t\t\t<\/div>\n\t\t\t\t\t<\/details>\n\t\t\t\t\t\t<details id=\"e-n-accordion-item-1622\" class=\"e-n-accordion-item\" >\n\t\t\t\t<summary class=\"e-n-accordion-item-title\" data-accordion-index=\"3\" tabindex=\"-1\" aria-expanded=\"false\" aria-controls=\"e-n-accordion-item-1622\" >\n\t\t\t\t\t<span class='e-n-accordion-item-title-header'><div class=\"e-n-accordion-item-title-text\"> <img decoding=\"async\" src=\"https:\/\/tl-conseil.tribalt.agency\/wp-content\/uploads\/2026\/01\/tl-conseil.png\"> <\/div><\/span>\n\t\t\t\t\t\t\t<span class='e-n-accordion-item-title-icon'>\n\t\t\t<span class='e-opened' ><svg aria-hidden=\"true\" class=\"e-font-icon-svg e-fas-minus\" viewBox=\"0 0 448 512\" xmlns=\"http:\/\/www.w3.org\/2000\/svg\"><path d=\"M416 208H32c-17.67 0-32 14.33-32 32v32c0 17.67 14.33 32 32 32h384c17.67 0 32-14.33 32-32v-32c0-17.67-14.33-32-32-32z\"><\/path><\/svg><\/span>\n\t\t\t<span class='e-closed'><svg aria-hidden=\"true\" class=\"e-font-icon-svg e-fas-plus\" viewBox=\"0 0 448 512\" xmlns=\"http:\/\/www.w3.org\/2000\/svg\"><path d=\"M416 208H272V64c0-17.67-14.33-32-32-32h-32c-17.67 0-32 14.33-32 32v144H32c-17.67 0-32 14.33-32 32v32c0 17.67 14.33 32 32 32h144v144c0 17.67 14.33 32 32 32h32c17.67 0 32-14.33 32-32V304h144c17.67 0 32-14.33 32-32v-32c0-17.67-14.33-32-32-32z\"><\/path><\/svg><\/span>\n\t\t<\/span>\n\n\t\t\t\t\t\t<\/summary>\n\t\t\t\t<div role=\"region\" aria-labelledby=\"e-n-accordion-item-1622\" class=\"elementor-element elementor-element-34a346f e-con-full e-flex e-con e-child\" data-id=\"34a346f\" data-element_type=\"container\">\n\t\t<div role=\"region\" aria-labelledby=\"e-n-accordion-item-1622\" class=\"elementor-element elementor-element-cd9ea12 e-flex e-con-boxed e-con e-child\" data-id=\"cd9ea12\" data-element_type=\"container\">\n\t\t\t\t\t<div class=\"e-con-inner\">\n\t\t\t\t<div class=\"elementor-element elementor-element-98ef67f elementor-widget elementor-widget-text-editor\" data-id=\"98ef67f\" data-element_type=\"widget\" data-widget_type=\"text-editor.default\">\n\t\t\t\t\t\t\t\t\t<p><a href=\"https:\/\/www.thomas-legrain-conseil.com\/\">Thomas Legrain Conseil<\/a>\u00a0est un cabinet qui s\u2019est sp\u00e9cialis\u00e9 dans\u00a0<strong>l\u2019am\u00e9lioration de la performance des entreprises<\/strong>\u00a0et qui a d\u00e9velopp\u00e9 une\u00a0<strong>approche originale qui s\u2019inspire de l\u2019ultra-trail*<\/strong>, \u00e9cole du d\u00e9passement de soi.<br \/>Nous intervenons sur deux types de missions :<\/p><ul class=\"tlc-list-arrow-orange\"><li>Conseil en Strat\u00e9gie : nous accompagnons sur le long terme des dirigeants d\u2019entreprises et d\u2019organisations professionnelles dans l\u2019\u00e9laboration et la mise en \u0153uvre de leur\u00a0<strong>strat\u00e9gie de d\u00e9veloppement<\/strong>,<\/li><li>Gestion du Capital humain : nous conseillons les dirigeants afin qu\u2019ils puissent favoriser une\u00a0<strong>culture d\u2019entreprise<\/strong>\u00a0et mettre en place une\u00a0<strong>organisation<\/strong>\u00a0qui soient propices au d\u00e9veloppement et \u00e0 l\u2019optimisation de la\u00a0<strong>performance individuelle et collective<\/strong>\u00a0de leurs collaborateurs.<\/li><\/ul><p>Apr\u00e8s avoir analys\u00e9 les moyens mis en place par les ultra-trailers pour atteindre des objectifs a priori inaccessibles, nous avons mis en \u00e9vidence le fait que les dimensions strat\u00e9giques pour am\u00e9liorer la performance des entreprises \u00e9taient vitales pour l\u2019ultra-trailer. Le fait de passer du caract\u00e8re \u00ab strat\u00e9gique \u00bb au caract\u00e8re \u00ab vital \u00bb \u00e0 travers une plong\u00e9e dans l\u2019univers des courses d\u2019ultra-endurance permet de s\u2019adresser non plus uniquement \u00e0 l\u2019intellect mais \u00e9galement aux \u00e9motions des dirigeants que nous conseillons.<br \/>L\u2019originalit\u00e9 de l\u2019approche d\u00e9velopp\u00e9e par\u00a0<a href=\"https:\/\/www.thomas-legrain-conseil.com\/\">Thomas Legrain Conseil<\/a>\u00a0permet d\u2019accro\u00eetre l\u2019impact et l\u2019efficacit\u00e9 des missions par rapport \u00e0 des approches de conseil plus traditionnelles.<\/p><p>Pour en savoir plus, consultez notre site\u00a0<a href=\"http:\/\/www.thomas-legrain-conseil.com\/\" target=\"_blank\" rel=\"noopener noreferrer\">www.thomas-legrain-conseil.com<\/a><\/p><p><em>*Courses de l\u2019extr\u00eame qui se font \u00e0 pied en milieu naturel (montagne, d\u00e9sert, for\u00eat, plaine) sur de tr\u00e8s longues distances (sup\u00e9rieures \u00e0 80 kilom\u00e8tres).<\/em><\/p>\t\t\t\t\t\t\t\t<\/div>\n\t\t\t\t\t<\/div>\n\t\t\t\t<\/div>\n\t\t\t\t<\/div>\n\t\t\t\t\t<\/details>\n\t\t\t\t\t<\/div>\n\t\t\t\t\t\t<\/div>\n\t\t\t\t<\/div>\n\t\t<div class=\"elementor-element elementor-element-513f90b e-con-full e-flex e-con e-child\" data-id=\"513f90b\" data-element_type=\"container\">\n\t\t\t\t<div class=\"elementor-element elementor-element-e2a97e5 elementor-widget elementor-widget-qi_addons_for_elementor_section_title\" data-id=\"e2a97e5\" data-element_type=\"widget\" data-widget_type=\"qi_addons_for_elementor_section_title.default\">\n\t\t\t\t<div class=\"elementor-widget-container\">\n\t\t\t\t\t<div class=\"qodef-shortcode qodef-m qodef-qi-section-title qodef-decoration--italic qodef-link--underline-draw qodef-subtitle-icon--left\">\n\t\t\t\t\t\t<h2 class=\"qodef-m-title\">\n\t\tDevenez partenaire\t<\/h2>\n\t\t\t<div class=\"qodef-m-text\"><p>Une opportunit\u00e9 pour d\u00e9velopper vos relations publiques<\/p><ul class=\"arrow_list\"><li>invitez 5 personnes de votre choix \u00e0 chaque manifestation du Club,<\/li><li>organisez des \u00e9v\u00e8nements du Club dans vos locaux en y associant vos collaborateurs, vos clients ou prospects, vos partenaires, \u2026<\/li><\/ul><p>Une opportunit\u00e9 pour communiquer sur vos activit\u00e9s<\/p><ul class=\"arrow_list\"><li>profitez des \u00e9v\u00e8nements pour pr\u00e9senter vos projets,<\/li><li>mettez en avant votre organisation sur tous les supports de communication du Club.<\/li><\/ul><\/div>\n\t<\/div>\n\t\t\t\t<\/div>\n\t\t\t\t<\/div>\n\t\t\t\t<div class=\"elementor-element elementor-element-a159f3d elementor-widget elementor-widget-tadao_core_button\" data-id=\"a159f3d\" data-element_type=\"widget\" data-widget_type=\"tadao_core_button.default\">\n\t\t\t\t<div class=\"elementor-widget-container\">\n\t\t\t\t\t<a class=\"qodef-shortcode qodef-m qodef-button qodef-layout--filled qodef-html--link\" href=\"#\" target=\"_self\"  >\n\t<span class=\"qodef-m-text\">devenez partenaire<\/span>\n<\/a>\n\t\t\t\t<\/div>\n\t\t\t\t<\/div>\n\t\t\t\t<\/div>\n\t\t\t\t\t<\/div>\n\t\t\t\t<\/div>\n\t\t\t\t<\/div>\n\t\t","protected":false},"excerpt":{"rendered":"<p>PARTENAIRES Lorem ipsum dolor sit amet, consectetur adipiscing elit. Mauris tempus nisl vitae magna pulvinar laoreet. Nullam erat ipsum, mattis nec mollis ac, accumsan a enim. Nunc at euismod arcu. Aliquam ullamcorper eros justo, vel mollis neque facilisis vel. nos partenaire Gr\u00e2ce \u00e0 une \u00e9quipe de plus de 1100 collaborateurs hautement qualifi\u00e9s,\u00a0FI Group\u00a0est devenu depuis [&hellip;]<\/p>\n","protected":false},"author":1,"featured_media":0,"parent":0,"menu_order":0,"comment_status":"closed","ping_status":"closed","template":"","meta":{"_acf_changed":false,"footnotes":""},"class_list":["post-6913","page","type-page","status-publish","hentry"],"acf":[],"_links":{"self":[{"href":"https:\/\/tl-conseil.tribalt.agency\/index.php?rest_route=\/wp\/v2\/pages\/6913","targetHints":{"allow":["GET"]}}],"collection":[{"href":"https:\/\/tl-conseil.tribalt.agency\/index.php?rest_route=\/wp\/v2\/pages"}],"about":[{"href":"https:\/\/tl-conseil.tribalt.agency\/index.php?rest_route=\/wp\/v2\/types\/page"}],"author":[{"embeddable":true,"href":"https:\/\/tl-conseil.tribalt.agency\/index.php?rest_route=\/wp\/v2\/users\/1"}],"replies":[{"embeddable":true,"href":"https:\/\/tl-conseil.tribalt.agency\/index.php?rest_route=%2Fwp%2Fv2%2Fcomments&post=6913"}],"version-history":[{"count":34,"href":"https:\/\/tl-conseil.tribalt.agency\/index.php?rest_route=\/wp\/v2\/pages\/6913\/revisions"}],"predecessor-version":[{"id":39116,"href":"https:\/\/tl-conseil.tribalt.agency\/index.php?rest_route=\/wp\/v2\/pages\/6913\/revisions\/39116"}],"wp:attachment":[{"href":"https:\/\/tl-conseil.tribalt.agency\/index.php?rest_route=%2Fwp%2Fv2%2Fmedia&parent=6913"}],"curies":[{"name":"wp","href":"https:\/\/api.w.org\/{rel}","templated":true}]}}